{"id":70,"date":"2020-09-12T21:50:13","date_gmt":"2020-09-12T18:50:13","guid":{"rendered":"http:\/\/konservatuvarahazirlik.com\/?page_id=70"},"modified":"2021-09-17T23:53:41","modified_gmt":"2021-09-17T20:53:41","slug":"iletisim","status":"publish","type":"page","link":"https:\/\/konservatuvarahazirlik.com\/?page_id=70","title":{"rendered":"\u0130leti\u015fim"},"content":{"rendered":"\n<p class=\"has-text-align-left has-primary-background-color has-text-color has-background\" style=\"color:#ffffff;font-size:20px\"><strong><span style=\"color:#ff0004\" class=\"has-inline-color\">Telefon \/ Whatsapp:<\/span><br><\/strong>0 531 269 93 90 &#8211; Mercan G\u00f6k\u00e7en U\u00e7kun<br>(\u0130stanbul &#8211; Avrupa Yakas\u0131)<br>&#8212;&#8212;&#8212;&#8212;&#8212;&#8212;&#8212;&#8212;&#8212;&#8212;&#8212;&#8212;&#8212;&#8212;&#8212;&#8212;&#8212;&#8211;<br>0 538 625 20 01 &#8211; G\u00fcne\u015f Kaya<br>(\u0130stanbul &#8211; Anadolu Yakas\u0131)<br><br><strong><span style=\"color:#ff0004\" class=\"has-inline-color\">E-posta:<\/span><br><\/strong><a rel=\"noreferrer noopener\" href=\"mailto:mgkonservatuvarahazirlik@gmail.com\" target=\"_blank\">mgkonservatuvarahazirlik@gmail.com<\/a><br><br><strong><span style=\"color:#ff0004\" class=\"has-inline-color\">Youtube Referans Sayfam\u0131z:<\/span><br><\/strong><a rel=\"noreferrer noopener\" href=\"https:\/\/www.youtube.com\/channel\/UC_kICajBc7rZDS2THfqTQMA\" target=\"_blank\">https:\/\/www.youtube.com\/channel\/UC_kICajBc7rZDS2THfqTQMA<\/a><br><br><strong><span style=\"color:#ff0004\" class=\"has-inline-color\">Instagram:<\/span><br><\/strong><a rel=\"noreferrer noopener\" href=\"http:\/\/www.instagram.com\/mgkonservatuvarahazirlik\" target=\"_blank\">www.instagram.com\/mgkonservatuvarahazirlik<\/a><br><br><strong><span style=\"color:#ff0004\" class=\"has-inline-color\">Facebook:<\/span><br><\/strong><a rel=\"noreferrer noopener\" href=\"https:\/\/www.facebook.com\/mgkonservatuvarahazirlik\" target=\"_blank\">https:\/\/www.facebook.com\/mgkonservatuvarahazirlik<\/a><\/p>\n","protected":false},"excerpt":{"rendered":"<p>Telefon \/ Whatsapp:0 531 269 93 90 &#8211; Mercan G\u00f6k\u00e7en U\u00e7kun(\u0130stanbul &#8211; Avrupa Yakas\u0131)&#8212;&#8212;&#8212;&#8212;&#8212;&#8212;&#8212;&#8212;&#8212;&#8212;&#8212;&#8212;&#8212;&#8212;&#8212;&#8212;&#8212;&#8211;0 538 625 20 01 &#8211; G\u00fcne\u015f Kaya(\u0130stanbul &#8211; Anadolu Yakas\u0131) E-posta:mgkonservatuvarahazirlik@gmail.com Youtube Referans Sayfam\u0131z:https:\/\/www.youtube.com\/channel\/UC_kICajBc7rZDS2THfqTQMA Instagram:www.instagram.com\/mgkonservatuvarahazirlik Facebook:https:\/\/www.facebook.com\/mgkonservatuvarahazirlik<\/p>\n","protected":false},"author":1,"featured_media":0,"parent":0,"menu_order":0,"comment_status":"closed","ping_status":"closed","template":"","meta":{"footnotes":""},"_links":{"self":[{"href":"https:\/\/konservatuvarahazirlik.com\/index.php?rest_route=\/wp\/v2\/pages\/70"}],"collection":[{"href":"https:\/\/konservatuvarahazirlik.com\/index.php?rest_route=\/wp\/v2\/pages"}],"about":[{"href":"https:\/\/konservatuvarahazirlik.com\/index.php?rest_route=\/wp\/v2\/types\/page"}],"author":[{"embeddable":true,"href":"https:\/\/konservatuvarahazirlik.com\/index.php?rest_route=\/wp\/v2\/users\/1"}],"replies":[{"embeddable":true,"href":"https:\/\/konservatuvarahazirlik.com\/index.php?rest_route=%2Fwp%2Fv2%2Fcomments&post=70"}],"version-history":[{"count":21,"href":"https:\/\/konservatuvarahazirlik.com\/index.php?rest_route=\/wp\/v2\/pages\/70\/revisions"}],"predecessor-version":[{"id":308,"href":"https:\/\/konservatuvarahazirlik.com\/index.php?rest_route=\/wp\/v2\/pages\/70\/revisions\/308"}],"wp:attachment":[{"href":"https:\/\/konservatuvarahazirlik.com\/index.php?rest_route=%2Fwp%2Fv2%2Fmedia&parent=70"}],"curies":[{"name":"wp","href":"https:\/\/api.w.org\/{rel}","templated":true}]}}