{"id":68,"date":"2020-09-12T21:49:28","date_gmt":"2020-09-12T18:49:28","guid":{"rendered":"http:\/\/konservatuvarahazirlik.com\/?page_id=68"},"modified":"2025-06-04T22:25:29","modified_gmt":"2025-06-04T19:25:29","slug":"s-s-s","status":"publish","type":"page","link":"https:\/\/konservatuvarahazirlik.com\/?page_id=68","title":{"rendered":"S.S.S."},"content":{"rendered":"\n<p class=\"has-primary-background-color has-text-color has-background\" style=\"color:#ffffff;font-size:20px\"><strong><span style=\"background-color:rgba(0, 0, 0, 0);color:#ff0004\" class=\"has-inline-color\">+ Adaylar\u0131 hangi s\u0131navlara haz\u0131rl\u0131yorsunuz?<\/span><\/strong><br>&#8211; \u00dclkedeki t\u00fcm m\u00fczik okullar\u0131 ve konservatuvarlar\u0131n s\u0131navlar\u0131na haz\u0131rl\u0131yoruz.<br><br><strong><span style=\"background-color:rgba(0, 0, 0, 0);color:#ff0004\" class=\"has-inline-color\">+ Haftada ka\u00e7 saat ders yapmam\u0131z gerekiyor?<\/span><\/strong><br>&#8211; Aday\u0131n haftada en az 1 ders yapmas\u0131n\u0131n iyi oldu\u011funu d\u00fc\u015f\u00fcn\u00fcyoruz. S\u0131nav d\u00f6nemi yakla\u015ft\u0131\u011f\u0131nda bu say\u0131 art\u0131r\u0131labilir.<br><br><strong><span style=\"background-color:rgba(0, 0, 0, 0);color:#ff0004\" class=\"has-inline-color\">+ Dersleriniz ka\u00e7 dakika s\u00fcrmektedir?<\/span><\/strong><br>&#8211; En az 1 saat s\u00fcrmektedir.<br><br><strong><span style=\"background-color:rgba(0, 0, 0, 0);color:#ff0004\" class=\"has-inline-color\">+ Aday\u0131n s\u0131navlarda ba\u015far\u0131 g\u00f6sterebilmesi i\u00e7in en az ne kadar s\u00fcreyle \u00e7al\u0131\u015fmas\u0131 gerekmektedir?<\/span><\/strong><br>&#8211; Bu, aday\u0131n haz\u0131r bulunu\u015flu\u011funa ve s\u0131nav i\u00e7eri\u011fine g\u00f6re de\u011fi\u015fkenlik g\u00f6stermektedir.<br><br><strong><span style=\"background-color:rgba(0, 0, 0, 0);color:#ff0004\" class=\"has-inline-color\">+ Ders saatlerini nas\u0131l belirliyoruz?<\/span><\/strong><br>&#8211; E\u011fitmenlerin haftal\u0131k program\u0131ndaki bo\u015fluklara g\u00f6re aday\u0131n uygun g\u00fcn ve saatleri birlikte planlan\u0131r.<br><br><strong><span style=\"background-color:rgba(0, 0, 0, 0);color:#ff0004\" class=\"has-inline-color\">+ Yetenek s\u0131navlar\u0131 ka\u00e7 a\u015famal\u0131d\u0131r?<\/span><\/strong><br>&#8211; Her s\u0131nav\u0131n i\u00e7eri\u011fi ve a\u015famalar\u0131 farkl\u0131d\u0131r. Ayr\u0131nt\u0131lar\u0131 &#8220;<a href=\"https:\/\/konservatuvarahazirlik.com\/?page_id=63\" data-type=\"page\" data-id=\"63\" target=\"_blank\" rel=\"noreferrer noopener\">S\u0131navlar Hakk\u0131nda<\/a>&#8221; b\u00f6l\u00fcm\u00fcnden inceleyebilirsiniz.<br><br><strong><span style=\"background-color:rgba(0, 0, 0, 0);color:#ff0004\" class=\"has-inline-color\">+ Ders ka\u00e7\u0131r\u0131lmas\u0131 durumunda telafi yap\u0131labilir mi?<\/span><\/strong><br>&#8211; Aday kendi g\u00fcn ve saatinde gelememesi durumunda, ayn\u0131 hafta i\u00e7erisinde e\u011fitmene de uygun bir zaman dilimi bulunmas\u0131 halinde ancak telafi edilebilir.<br><br><strong><span style=\"background-color:rgba(0, 0, 0, 0);color:#ff0004\" class=\"has-inline-color\">+ Aday bu e\u011fitimi s\u0131navdan ne kadar \u00f6nce almaya ba\u015flamal\u0131d\u0131r?<\/span><\/strong><br>&#8211; Genel olarak \u00f6\u011frenciler eyl\u00fcl ay\u0131nda ba\u015flay\u0131p t\u00fcm sene d\u00fczenli olarak derslere kat\u0131l\u0131m sa\u011flamaktad\u0131rlar. E\u011fitmenlerimize daha ge\u00e7 ba\u015fvurulmas\u0131 durumunda, aday \u00f6\u011frencinin o anki haz\u0131r bulunu\u015flu\u011funa ve ilerleme h\u0131z\u0131na g\u00f6re karar verilebilir.<br><br><strong><span style=\"background-color:rgba(0, 0, 0, 0);color:#ff0307\" class=\"has-inline-color\">+ Dersleri nerede yapabiliyoruz?<\/span><\/strong><br>&#8211; Anadolu Yakas\u0131ndaki adaylar\u0131m\u0131z G\u00f6ztepe&#8217;de,<br>Avrupa Yakas\u0131ndaki adaylar\u0131m\u0131z ise Ni\u015fanta\u015f\u0131&#8217;nda dersleri bire bir olarak almaktad\u0131r.<br><br><strong><span style=\"background-color:rgba(0, 0, 0, 0);color:#ff0307\" class=\"has-inline-color\">+ Dersler \u00f6\u011frencinin evinde yap\u0131labilir mi?<\/span><\/strong><br>&#8211; Hay\u0131r.<\/p>\n\n\n\n<p><strong>Son G\u00fcncelleme:<\/strong> Haziran 2025<\/p>\n","protected":false},"excerpt":{"rendered":"<p>+ Adaylar\u0131 hangi s\u0131navlara haz\u0131rl\u0131yorsunuz?&#8211; \u00dclkedeki t\u00fcm m\u00fczik okullar\u0131 ve konservatuvarlar\u0131n s\u0131navlar\u0131na haz\u0131rl\u0131yoruz. + Haftada ka\u00e7 saat ders yapmam\u0131z gerekiyor?&#8211; Aday\u0131n haftada en az 1 ders yapmas\u0131n\u0131n iyi oldu\u011funu d\u00fc\u015f\u00fcn\u00fcyoruz. S\u0131nav d\u00f6nemi yakla\u015ft\u0131\u011f\u0131nda bu say\u0131 art\u0131r\u0131labilir. + Dersleriniz ka\u00e7 dakika s\u00fcrmektedir?&#8211; En az 1 saat s\u00fcrmektedir. + Aday\u0131n s\u0131navlarda ba\u015far\u0131 g\u00f6sterebilmesi i\u00e7in en az ne [&hellip;]<\/p>\n","protected":false},"author":1,"featured_media":0,"parent":0,"menu_order":0,"comment_status":"closed","ping_status":"closed","template":"","meta":{"footnotes":""},"_links":{"self":[{"href":"https:\/\/konservatuvarahazirlik.com\/index.php?rest_route=\/wp\/v2\/pages\/68"}],"collection":[{"href":"https:\/\/konservatuvarahazirlik.com\/index.php?rest_route=\/wp\/v2\/pages"}],"about":[{"href":"https:\/\/konservatuvarahazirlik.com\/index.php?rest_route=\/wp\/v2\/types\/page"}],"author":[{"embeddable":true,"href":"https:\/\/konservatuvarahazirlik.com\/index.php?rest_route=\/wp\/v2\/users\/1"}],"replies":[{"embeddable":true,"href":"https:\/\/konservatuvarahazirlik.com\/index.php?rest_route=%2Fwp%2Fv2%2Fcomments&post=68"}],"version-history":[{"count":18,"href":"https:\/\/konservatuvarahazirlik.com\/index.php?rest_route=\/wp\/v2\/pages\/68\/revisions"}],"predecessor-version":[{"id":433,"href":"https:\/\/konservatuvarahazirlik.com\/index.php?rest_route=\/wp\/v2\/pages\/68\/revisions\/433"}],"wp:attachment":[{"href":"https:\/\/konservatuvarahazirlik.com\/index.php?rest_route=%2Fwp%2Fv2%2Fmedia&parent=68"}],"curies":[{"name":"wp","href":"https:\/\/api.w.org\/{rel}","templated":true}]}}