{"id":61,"date":"2020-09-12T21:45:09","date_gmt":"2020-09-12T18:45:09","guid":{"rendered":"http:\/\/konservatuvarahazirlik.com\/?page_id=61"},"modified":"2021-09-17T23:04:10","modified_gmt":"2021-09-17T20:04:10","slug":"amacimiz","status":"publish","type":"page","link":"https:\/\/konservatuvarahazirlik.com\/?page_id=61","title":{"rendered":"Amac\u0131m\u0131z"},"content":{"rendered":"\n<div class=\"wp-block-image is-style-rounded\"><figure class=\"aligncenter size-large is-resized\"><img decoding=\"async\" src=\"http:\/\/konservatuvarahazirlik.com\/wp-content\/uploads\/2020\/09\/logodikdortgen.jpg\" alt=\"\" class=\"wp-image-151\" width=\"500\" srcset=\"https:\/\/konservatuvarahazirlik.com\/wp-content\/uploads\/2020\/09\/logodikdortgen.jpg 626w, https:\/\/konservatuvarahazirlik.com\/wp-content\/uploads\/2020\/09\/logodikdortgen-300x180.jpg 300w\" sizes=\"(max-width: 626px) 100vw, 626px\" \/><\/figure><\/div>\n\n\n\n<p class=\"has-text-align-center has-primary-background-color has-background\" style=\"font-size:20px\"><span style=\"color:#ffffff\" class=\"has-inline-color\">\u0130nsan do\u011fumundan \u00f6l\u00fcm\u00fcne kadar bir ses atmosferi i\u00e7inde ya\u015far. Bu do\u011fal s\u00fcre\u00e7 i\u00e7erisinde kendini e\u011fitim s\u00fcre\u00e7lerinin de i\u00e7erisinde bulur. Toplumun bireylerinin iyi yeti\u015ftirilmesi kendisine, ya\u015fad\u0131\u011f\u0131 \u00e7evreye ve ba\u011fl\u0131 bulundu\u011fu topluma faydal\u0131 hale getirilmesi gere\u011fi g\u00fcn\u00fcm\u00fczde daha da \u00f6nem kazanm\u0131\u015f ve bir bak\u0131ma temel bir zorunluluk haline gelmi\u015ftir.<br><br>Bireylerde olumlu y\u00f6nde davran\u0131\u015flar\u0131n olu\u015fturulmas\u0131 ve istendik davran\u0131\u015f de\u011fi\u015fikli\u011finin meydana getirilmesi, e\u011fitimle m\u00fcmk\u00fcn olmaktad\u0131r. \u00d6\u011fretmen, bireylerin yeti\u015ftirilmesinde e\u011fitim sisteminin en \u00f6nemli halkalar\u0131ndan birini olu\u015fturur. \u0130nsan\u0131n e\u011fitim amac\u0131yla bilgi edinmesi, beceri kazanmas\u0131, tutum geli\u015ftirmesi, de\u011ferler kazanmas\u0131, \u00e7evresindeki varl\u0131klar\u0131 tan\u0131mas\u0131, olay ve olgular aras\u0131nda ili\u015fki kurmas\u0131, \u00f6\u011fretmen arac\u0131l\u0131\u011f\u0131 ile m\u00fcmk\u00fcn olabilmektedir.<br><br>E\u011fitim kadromuzla birlikte konservatuvar aday\u0131 \u00e7ocuklar\u0131m\u0131z ve gen\u00e7lerimize en do\u011fru yakla\u015f\u0131mla destek olmak, onlar\u0131n m\u00fczikal geli\u015fimine katk\u0131 sa\u011flamak ve \u00e7\u0131kt\u0131klar\u0131 bu yolda hedeflerine ula\u015fabilmelerini sa\u011flamak en b\u00fcy\u00fck gayemizdir.<\/span><br><br><strong>M&amp;G Konservatuvara Haz\u0131rl\u0131k Ailesi<\/strong><\/p>\n","protected":false},"excerpt":{"rendered":"<p>\u0130nsan do\u011fumundan \u00f6l\u00fcm\u00fcne kadar bir ses atmosferi i\u00e7inde ya\u015far. Bu do\u011fal s\u00fcre\u00e7 i\u00e7erisinde kendini e\u011fitim s\u00fcre\u00e7lerinin de i\u00e7erisinde bulur. Toplumun bireylerinin iyi yeti\u015ftirilmesi kendisine, ya\u015fad\u0131\u011f\u0131 \u00e7evreye ve ba\u011fl\u0131 bulundu\u011fu topluma faydal\u0131 hale getirilmesi gere\u011fi g\u00fcn\u00fcm\u00fczde daha da \u00f6nem kazanm\u0131\u015f ve bir bak\u0131ma temel bir zorunluluk haline gelmi\u015ftir. Bireylerde olumlu y\u00f6nde davran\u0131\u015flar\u0131n olu\u015fturulmas\u0131 ve istendik davran\u0131\u015f [&hellip;]<\/p>\n","protected":false},"author":1,"featured_media":0,"parent":0,"menu_order":0,"comment_status":"closed","ping_status":"closed","template":"","meta":{"footnotes":""},"_links":{"self":[{"href":"https:\/\/konservatuvarahazirlik.com\/index.php?rest_route=\/wp\/v2\/pages\/61"}],"collection":[{"href":"https:\/\/konservatuvarahazirlik.com\/index.php?rest_route=\/wp\/v2\/pages"}],"about":[{"href":"https:\/\/konservatuvarahazirlik.com\/index.php?rest_route=\/wp\/v2\/types\/page"}],"author":[{"embeddable":true,"href":"https:\/\/konservatuvarahazirlik.com\/index.php?rest_route=\/wp\/v2\/users\/1"}],"replies":[{"embeddable":true,"href":"https:\/\/konservatuvarahazirlik.com\/index.php?rest_route=%2Fwp%2Fv2%2Fcomments&post=61"}],"version-history":[{"count":9,"href":"https:\/\/konservatuvarahazirlik.com\/index.php?rest_route=\/wp\/v2\/pages\/61\/revisions"}],"predecessor-version":[{"id":288,"href":"https:\/\/konservatuvarahazirlik.com\/index.php?rest_route=\/wp\/v2\/pages\/61\/revisions\/288"}],"wp:attachment":[{"href":"https:\/\/konservatuvarahazirlik.com\/index.php?rest_route=%2Fwp%2Fv2%2Fmedia&parent=61"}],"curies":[{"name":"wp","href":"https:\/\/api.w.org\/{rel}","templated":true}]}}